{"id":11953,"date":"2024-10-03T22:37:20","date_gmt":"2024-10-03T20:37:20","guid":{"rendered":"https:\/\/corsofinanzaetica.it\/?page_id=11953"},"modified":"2024-10-06T21:18:03","modified_gmt":"2024-10-06T19:18:03","slug":"tirocini","status":"publish","type":"page","link":"https:\/\/corsofinanzaetica.it\/index.php\/tirocini\/","title":{"rendered":"Tirocini"},"content":{"rendered":"[vc_row type=&#8221;in_container&#8221; full_screen_row_position=&#8221;middle&#8221; column_margin=&#8221;default&#8221; column_direction=&#8221;default&#8221; column_direction_tablet=&#8221;default&#8221; column_direction_phone=&#8221;default&#8221; scene_position=&#8221;center&#8221; text_color=&#8221;dark&#8221; text_align=&#8221;left&#8221; row_border_radius=&#8221;none&#8221; row_border_radius_applies=&#8221;bg&#8221; overflow=&#8221;visible&#8221; overlay_strength=&#8221;0.3&#8243; gradient_direction=&#8221;left_to_right&#8221; shape_divider_position=&#8221;bottom&#8221; bg_image_animation=&#8221;none&#8221;][vc_column column_padding=&#8221;no-extra-padding&#8221; column_padding_tablet=&#8221;inherit&#8221; column_padding_phone=&#8221;inherit&#8221; column_padding_position=&#8221;all&#8221; column_element_direction_desktop=&#8221;default&#8221; column_element_spacing=&#8221;default&#8221; desktop_text_alignment=&#8221;default&#8221; tablet_text_alignment=&#8221;default&#8221; phone_text_alignment=&#8221;default&#8221; background_color_opacity=&#8221;1&#8243; background_hover_color_opacity=&#8221;1&#8243; column_backdrop_filter=&#8221;none&#8221; column_shadow=&#8221;none&#8221; column_border_radius=&#8221;none&#8221; column_link_target=&#8221;_self&#8221; column_position=&#8221;default&#8221; gradient_direction=&#8221;left_to_right&#8221; overlay_strength=&#8221;0.3&#8243; width=&#8221;1\/1&#8243; tablet_width_inherit=&#8221;default&#8221; animation_type=&#8221;default&#8221; bg_image_animation=&#8221;none&#8221; border_type=&#8221;simple&#8221; column_border_width=&#8221;none&#8221; column_border_style=&#8221;solid&#8221;][vc_column_text css=&#8221;&#8221; text_direction=&#8221;default&#8221;]\n<h1>Cosa rende Caf<em>FE <\/em>uno dei migliori corsi d\u2019Italia<\/h1>\n<p style=\"font-weight: 300;\">Il Corso di Alta Formazione sulla Finanza Etica include un\u2019importante componente di tirocinio, per un totale di 250 ore, da svolgersi presso strutture di ambito finanziario o sociale. Questa esperienza rappresenta un\u2019opportunit\u00e0 unica per i partecipanti di ampliare il proprio bagaglio formativo attraverso attivit\u00e0 pratiche e concrete. I tirocini sono una parte fondamentale del nostro programma, poich\u00e9 offrono la possibilit\u00e0 di applicare le conoscenze teoriche acquisite in aula e di sviluppare competenze specifiche nel proprio settore di interesse.<\/p>\n<p style=\"font-weight: 300;\">Attraverso il tirocinio, i partecipanti possono confrontarsi direttamente con le dinamiche e le sfide del mondo professionale, acquisendo un\u2019esperienza preziosa che arricchisce il loro percorso formativo e professionale. Questa immersione nel contesto lavorativo consente di mettere in pratica i principi della finanza etica.<\/p>\n[\/vc_column_text][\/vc_column][\/vc_row][vc_row type=&#8221;in_container&#8221; full_screen_row_position=&#8221;middle&#8221; column_margin=&#8221;default&#8221; column_direction=&#8221;default&#8221; column_direction_tablet=&#8221;default&#8221; column_direction_phone=&#8221;default&#8221; scene_position=&#8221;center&#8221; text_color=&#8221;dark&#8221; text_align=&#8221;left&#8221; row_border_radius=&#8221;none&#8221; row_border_radius_applies=&#8221;bg&#8221; overflow=&#8221;visible&#8221; overlay_strength=&#8221;0.3&#8243; gradient_direction=&#8221;left_to_right&#8221; shape_divider_position=&#8221;bottom&#8221; bg_image_animation=&#8221;none&#8221;][vc_column column_padding=&#8221;no-extra-padding&#8221; column_padding_tablet=&#8221;inherit&#8221; column_padding_phone=&#8221;inherit&#8221; column_padding_position=&#8221;all&#8221; column_element_direction_desktop=&#8221;default&#8221; column_element_spacing=&#8221;default&#8221; desktop_text_alignment=&#8221;default&#8221; tablet_text_alignment=&#8221;default&#8221; phone_text_alignment=&#8221;default&#8221; background_color_opacity=&#8221;1&#8243; background_hover_color_opacity=&#8221;1&#8243; column_backdrop_filter=&#8221;none&#8221; column_shadow=&#8221;none&#8221; column_border_radius=&#8221;none&#8221; column_link_target=&#8221;_self&#8221; column_position=&#8221;default&#8221; gradient_direction=&#8221;left_to_right&#8221; overlay_strength=&#8221;0.3&#8243; width=&#8221;1\/1&#8243; tablet_width_inherit=&#8221;default&#8221; animation_type=&#8221;default&#8221; bg_image_animation=&#8221;none&#8221; border_type=&#8221;simple&#8221; column_border_width=&#8221;none&#8221; column_border_style=&#8221;solid&#8221;][vc_column_text css=&#8221;&#8221; text_direction=&#8221;default&#8221;]\n<h2 style=\"text-align: center;\">Scopri dove puoi svolgere il tuo tirocinio<\/h2>\n[\/vc_column_text][\/vc_column][\/vc_row][vc_row type=&#8221;full_width_background&#8221; full_screen_row_position=&#8221;middle&#8221; column_margin=&#8221;default&#8221; column_direction=&#8221;default&#8221; column_direction_tablet=&#8221;default&#8221; column_direction_phone=&#8221;default&#8221; bg_color=&#8221;#ffffff&#8221; scene_position=&#8221;center&#8221; top_padding=&#8221;7%&#8221; bottom_padding=&#8221;7%&#8221; text_color=&#8221;dark&#8221; text_align=&#8221;left&#8221; row_border_radius=&#8221;none&#8221; row_border_radius_applies=&#8221;bg&#8221; overflow=&#8221;visible&#8221; overlay_strength=&#8221;0.3&#8243; gradient_direction=&#8221;left_to_right&#8221; shape_divider_position=&#8221;bottom&#8221; bg_image_animation=&#8221;none&#8221; shape_type=&#8221;&#8221;][vc_column column_padding=&#8221;no-extra-padding&#8221; column_padding_tablet=&#8221;inherit&#8221; column_padding_phone=&#8221;inherit&#8221; column_padding_position=&#8221;all&#8221; column_element_direction_desktop=&#8221;default&#8221; column_element_spacing=&#8221;default&#8221; desktop_text_alignment=&#8221;default&#8221; tablet_text_alignment=&#8221;default&#8221; phone_text_alignment=&#8221;default&#8221; background_color_opacity=&#8221;1&#8243; background_hover_color_opacity=&#8221;1&#8243; column_backdrop_filter=&#8221;none&#8221; column_shadow=&#8221;none&#8221; column_border_radius=&#8221;none&#8221; column_link_target=&#8221;_self&#8221; column_position=&#8221;default&#8221; gradient_direction=&#8221;left_to_right&#8221; overlay_strength=&#8221;0.3&#8243; width=&#8221;1\/12&#8243; tablet_width_inherit=&#8221;default&#8221; animation_type=&#8221;default&#8221; bg_image_animation=&#8221;none&#8221; border_type=&#8221;simple&#8221; column_border_width=&#8221;none&#8221; column_border_style=&#8221;solid&#8221;][\/vc_column][vc_column column_padding=&#8221;no-extra-padding&#8221; column_padding_tablet=&#8221;inherit&#8221; column_padding_phone=&#8221;inherit&#8221; column_padding_position=&#8221;all&#8221; column_element_direction_desktop=&#8221;default&#8221; column_element_spacing=&#8221;default&#8221; desktop_text_alignment=&#8221;default&#8221; tablet_text_alignment=&#8221;default&#8221; phone_text_alignment=&#8221;default&#8221; background_color_opacity=&#8221;1&#8243; background_hover_color_opacity=&#8221;1&#8243; column_backdrop_filter=&#8221;none&#8221; column_shadow=&#8221;none&#8221; column_border_radius=&#8221;none&#8221; column_link_target=&#8221;_self&#8221; column_position=&#8221;default&#8221; gradient_direction=&#8221;left_to_right&#8221; overlay_strength=&#8221;0.3&#8243; width=&#8221;10\/12&#8243; tablet_width_inherit=&#8221;default&#8221; animation_type=&#8221;default&#8221; bg_image_animation=&#8221;none&#8221; border_type=&#8221;simple&#8221; column_border_width=&#8221;none&#8221; column_border_style=&#8221;solid&#8221;][clients columns=&#8221;4&#8243; hover_effect=&#8221;greyscale_to_color&#8221; additional_padding=&#8221;4&#8243;][client image=&#8221;9422&#8243; url_target=&#8221;_blank&#8221; title=&#8221;Client&#8221; id=&#8221;1502894777216-0-4&#8243; tab_id=&#8221;1502894621516-2&#8243; url=&#8221;#&#8221; name=&#8221;elevate&#8221;][vc_column_text][\/vc_column_text][\/client][client image=&#8221;12182&#8243; url_target=&#8221;_blank&#8221; title=&#8221;Client&#8221; id=&#8221;1502894065-1-80&#8243; tab_id=&#8221;1502894621516-3&#8243; url=&#8221;#&#8221; name=&#8221;harper&#8221;][vc_column_text][\/vc_column_text][\/client][client image=&#8221;12185&#8243; url_target=&#8221;_blank&#8221; title=&#8221;Client&#8221; id=&#8221;1502894782547-0-5&#8243; tab_id=&#8221;1502894621516-4&#8243; url=&#8221;#&#8221; name=&#8221;waveform&#8221;][vc_column_text][\/vc_column_text][\/client][client image=&#8221;12184&#8243; url_target=&#8221;_blank&#8221; title=&#8221;Client&#8221; id=&#8221;1502894777848-0-9&#8243; tab_id=&#8221;1502894621516-5&#8243; url=&#8221;#&#8221; name=&#8221;brooklyn&#8221;][vc_column_text][\/vc_column_text][\/client][client image=&#8221;12120&#8243; url_target=&#8221;_blank&#8221; title=&#8221;Client&#8221; id=&#8221;1502894784816-0-0&#8243; tab_id=&#8221;1502894621516-9&#8243; url=&#8221;#&#8221; name=&#8221;camallero&#8221;][\/client][client image=&#8221;9390&#8243; url_target=&#8221;_blank&#8221; title=&#8221;Client&#8221; id=&#8221;1503948180817-0-9&#8243; tab_id=&#8221;1502894621516-6&#8243; url=&#8221;#&#8221; name=&#8221;ollostream&#8221;][vc_column_text][\/vc_column_text][\/client][client image=&#8221;9420&#8243; url_target=&#8221;_blank&#8221; title=&#8221;Client&#8221; id=&#8221;1503948181836-0-4&#8243; tab_id=&#8221;1502894621516-7&#8243; url=&#8221;#&#8221; name=&#8221;golden grid&#8221;][\/client][client image=&#8221;9406&#8243; url_target=&#8221;_blank&#8221; title=&#8221;Client&#8221; id=&#8221;1502894776482-0-6&#8243; tab_id=&#8221;1502894621516-8&#8243; url=&#8221;#&#8221; name=&#8221;jacks&#8221;][vc_column_text][\/vc_column_text][\/client][\/clients][clients columns=&#8221;4&#8243; hover_effect=&#8221;greyscale_to_color&#8221; additional_padding=&#8221;4&#8243;][client image=&#8221;9418&#8243; url_target=&#8221;_blank&#8221; title=&#8221;Client&#8221; id=&#8221;1502894777216-0-4&#8243; tab_id=&#8221;1502894621516-2&#8243; url=&#8221;#&#8221; name=&#8221;elevate&#8221;][vc_column_text][\/vc_column_text][\/client][client image=&#8221;9408&#8243; url_target=&#8221;_blank&#8221; title=&#8221;Client&#8221; id=&#8221;1502894065-1-80&#8243; tab_id=&#8221;1502894621516-3&#8243; url=&#8221;#&#8221; name=&#8221;harper&#8221;][vc_column_text][\/vc_column_text][\/client][client image=&#8221;9398&#8243; url_target=&#8221;_blank&#8221; title=&#8221;Client&#8221; id=&#8221;1502894782547-0-5&#8243; tab_id=&#8221;1502894621516-4&#8243; url=&#8221;#&#8221; name=&#8221;waveform&#8221;][vc_column_text][\/vc_column_text][\/client][client image=&#8221;9396&#8243; url_target=&#8221;_blank&#8221; title=&#8221;Client&#8221; id=&#8221;1502894777848-0-9&#8243; tab_id=&#8221;1502894621516-5&#8243; url=&#8221;#&#8221; name=&#8221;brooklyn&#8221;][vc_column_text][\/vc_column_text][\/client][client image=&#8221;9388&#8243; url_target=&#8221;_blank&#8221; title=&#8221;Client&#8221; id=&#8221;1502894784816-0-0&#8243; tab_id=&#8221;1502894621516-9&#8243; url=&#8221;#&#8221; name=&#8221;camallero&#8221;][\/client][client image=&#8221;12187&#8243; url_target=&#8221;_blank&#8221; title=&#8221;Client&#8221; id=&#8221;1503948180817-0-9&#8243; tab_id=&#8221;1502894621516-6&#8243; url=&#8221;#&#8221; name=&#8221;ollostream&#8221;][vc_column_text][\/vc_column_text][\/client][client image=&#8221;12189&#8243; url_target=&#8221;_blank&#8221; title=&#8221;Client&#8221; id=&#8221;1503948181836-0-4&#8243; tab_id=&#8221;1502894621516-7&#8243; url=&#8221;#&#8221; name=&#8221;golden grid&#8221;][\/client][client image=&#8221;12188&#8243; url_target=&#8221;_blank&#8221; title=&#8221;Client&#8221; id=&#8221;1502894776482-0-6&#8243; tab_id=&#8221;1502894621516-8&#8243; url=&#8221;#&#8221; name=&#8221;jacks&#8221;][vc_column_text][\/vc_column_text][\/client][\/clients][clients columns=&#8221;4&#8243; hover_effect=&#8221;greyscale_to_color&#8221; additional_padding=&#8221;4&#8243;][client image=&#8221;12186&#8243; url_target=&#8221;_blank&#8221; title=&#8221;Client&#8221; id=&#8221;1502894777216-0-4&#8243; tab_id=&#8221;1502894621516-2&#8243; url=&#8221;#&#8221; name=&#8221;elevate&#8221;][vc_column_text][\/vc_column_text][\/client][client image=&#8221;12190&#8243; url_target=&#8221;_blank&#8221; title=&#8221;Client&#8221; id=&#8221;1502894065-1-80&#8243; tab_id=&#8221;1502894621516-3&#8243; url=&#8221;#&#8221; name=&#8221;harper&#8221;][vc_column_text][\/vc_column_text][\/client][client image=&#8221;9413&#8243; url_target=&#8221;_blank&#8221; title=&#8221;Client&#8221; id=&#8221;1502894782547-0-5&#8243; tab_id=&#8221;1502894621516-4&#8243; url=&#8221;#&#8221; name=&#8221;waveform&#8221;][vc_column_text][\/vc_column_text][\/client][client image=&#8221;9412&#8243; url_target=&#8221;_blank&#8221; title=&#8221;Client&#8221; id=&#8221;1502894777848-0-9&#8243; tab_id=&#8221;1502894621516-5&#8243; url=&#8221;#&#8221; name=&#8221;brooklyn&#8221;][vc_column_text][\/vc_column_text][\/client][\/clients][\/vc_column][vc_column column_padding=&#8221;no-extra-padding&#8221; column_padding_tablet=&#8221;inherit&#8221; column_padding_phone=&#8221;inherit&#8221; column_padding_position=&#8221;all&#8221; column_element_direction_desktop=&#8221;default&#8221; column_element_spacing=&#8221;default&#8221; desktop_text_alignment=&#8221;default&#8221; tablet_text_alignment=&#8221;default&#8221; phone_text_alignment=&#8221;default&#8221; background_color_opacity=&#8221;1&#8243; background_hover_color_opacity=&#8221;1&#8243; column_backdrop_filter=&#8221;none&#8221; column_shadow=&#8221;none&#8221; column_border_radius=&#8221;none&#8221; column_link_target=&#8221;_self&#8221; column_position=&#8221;default&#8221; gradient_direction=&#8221;left_to_right&#8221; overlay_strength=&#8221;0.3&#8243; width=&#8221;1\/12&#8243; tablet_width_inherit=&#8221;default&#8221; animation_type=&#8221;default&#8221; bg_image_animation=&#8221;none&#8221; border_type=&#8221;simple&#8221; column_border_width=&#8221;none&#8221; column_border_style=&#8221;solid&#8221;][\/vc_column][\/vc_row][vc_row type=&#8221;in_container&#8221; full_screen_row_position=&#8221;middle&#8221; column_margin=&#8221;default&#8221; column_direction=&#8221;default&#8221; column_direction_tablet=&#8221;default&#8221; column_direction_phone=&#8221;default&#8221; scene_position=&#8221;center&#8221; text_color=&#8221;dark&#8221; text_align=&#8221;left&#8221; row_border_radius=&#8221;none&#8221; row_border_radius_applies=&#8221;bg&#8221; overflow=&#8221;visible&#8221; overlay_strength=&#8221;0.3&#8243; gradient_direction=&#8221;left_to_right&#8221; shape_divider_position=&#8221;bottom&#8221; bg_image_animation=&#8221;none&#8221;][vc_column column_padding=&#8221;no-extra-padding&#8221; column_padding_tablet=&#8221;inherit&#8221; column_padding_phone=&#8221;inherit&#8221; column_padding_position=&#8221;all&#8221; column_element_direction_desktop=&#8221;default&#8221; column_element_spacing=&#8221;default&#8221; desktop_text_alignment=&#8221;default&#8221; tablet_text_alignment=&#8221;default&#8221; phone_text_alignment=&#8221;default&#8221; background_color_opacity=&#8221;1&#8243; background_hover_color_opacity=&#8221;1&#8243; column_backdrop_filter=&#8221;none&#8221; column_shadow=&#8221;none&#8221; column_border_radius=&#8221;none&#8221; column_link_target=&#8221;_self&#8221; column_position=&#8221;default&#8221; gradient_direction=&#8221;left_to_right&#8221; overlay_strength=&#8221;0.3&#8243; width=&#8221;1\/1&#8243; tablet_width_inherit=&#8221;default&#8221; animation_type=&#8221;default&#8221; bg_image_animation=&#8221;none&#8221; border_type=&#8221;simple&#8221; column_border_width=&#8221;none&#8221; column_border_style=&#8221;solid&#8221;][vc_column_text css=&#8221;&#8221; text_direction=&#8221;default&#8221;]\n<p style=\"text-align: center;\">I loghi di cui sopra rappresentano gli enti che, nel corso delle varie edizioni, hanno ospitato i nostri studenti per il tirocinio; la sezione \u00e8 in continuo aggiornamento per includere nuovi partner.<\/p>\n[\/vc_column_text][\/vc_column][\/vc_row]\n","protected":false},"excerpt":{"rendered":"<p>[vc_row type=&#8221;in_container&#8221; full_screen_row_position=&#8221;middle&#8221; column_margin=&#8221;default&#8221; column_direction=&#8221;default&#8221; column_direction_tablet=&#8221;default&#8221; column_direction_phone=&#8221;default&#8221; scene_position=&#8221;center&#8221; text_color=&#8221;dark&#8221; text_align=&#8221;left&#8221; row_border_radius=&#8221;none&#8221; row_border_radius_applies=&#8221;bg&#8221; overflow=&#8221;visible&#8221; overlay_strength=&#8221;0.3&#8243; gradient_direction=&#8221;left_to_right&#8221; shape_divider_position=&#8221;bottom&#8221; bg_image_animation=&#8221;none&#8221;][vc_column column_padding=&#8221;no-extra-padding&#8221; column_padding_tablet=&#8221;inherit&#8221; column_padding_phone=&#8221;inherit&#8221; column_padding_position=&#8221;all&#8221; column_element_direction_desktop=&#8221;default&#8221; column_element_spacing=&#8221;default&#8221; desktop_text_alignment=&#8221;default&#8221; tablet_text_alignment=&#8221;default&#8221;&#8230;<\/p>\n","protected":false},"author":1,"featured_media":0,"parent":0,"menu_order":0,"comment_status":"closed","ping_status":"closed","template":"","meta":{"advanced_seo_description":"","jetpack_seo_html_title":"","jetpack_seo_noindex":false,"footnotes":""},"class_list":["post-11953","page","type-page","status-publish"],"jetpack_sharing_enabled":true,"jetpack-related-posts":[],"jetpack_shortlink":"https:\/\/wp.me\/PgccR6-36N","_links":{"self":[{"href":"https:\/\/corsofinanzaetica.it\/index.php\/wp-json\/wp\/v2\/pages\/11953","targetHints":{"allow":["GET"]}}],"collection":[{"href":"https:\/\/corsofinanzaetica.it\/index.php\/wp-json\/wp\/v2\/pages"}],"about":[{"href":"https:\/\/corsofinanzaetica.it\/index.php\/wp-json\/wp\/v2\/types\/page"}],"author":[{"embeddable":true,"href":"https:\/\/corsofinanzaetica.it\/index.php\/wp-json\/wp\/v2\/users\/1"}],"replies":[{"embeddable":true,"href":"https:\/\/corsofinanzaetica.it\/index.php\/wp-json\/wp\/v2\/comments?post=11953"}],"version-history":[{"count":2,"href":"https:\/\/corsofinanzaetica.it\/index.php\/wp-json\/wp\/v2\/pages\/11953\/revisions"}],"predecessor-version":[{"id":12191,"href":"https:\/\/corsofinanzaetica.it\/index.php\/wp-json\/wp\/v2\/pages\/11953\/revisions\/12191"}],"wp:attachment":[{"href":"https:\/\/corsofinanzaetica.it\/index.php\/wp-json\/wp\/v2\/media?parent=11953"}],"curies":[{"name":"wp","href":"https:\/\/api.w.org\/{rel}","templated":true}]}}